{"id":144,"date":"2024-02-27T20:27:03","date_gmt":"2024-02-27T19:27:03","guid":{"rendered":"http:\/\/es.rops-opole.pl\/?page_id=144"},"modified":"2025-04-04T14:59:26","modified_gmt":"2025-04-04T12:59:26","slug":"aktualnosci","status":"publish","type":"page","link":"https:\/\/es.rops-opole.pl\/","title":{"rendered":"Aktualno\u015bci"},"content":{"rendered":"\n<hr class=\"wp-block-separator has-css-opacity\">\n\n\n<div class=\"pt-cv-wrapper\"><div class=\"pt-cv-view pt-cv-grid pt-cv-colsys\" id=\"pt-cv-view-347af18ubn\"><div data-id=\"pt-cv-page-1\" class=\"pt-cv-page\" data-cvc=\"1\"><div class=\"col-md-12 col-sm-12 col-xs-12 pt-cv-content-item pt-cv-2-col\"><div class=\"pt-cv-ifield\"><a href=\"https:\/\/es.rops-opole.pl\/?p=1961\" class=\"_self pt-cv-href-thumbnail pt-cv-thumb-left attachment-link use-tooltip\" target=\"_self\" aria-label=\"Image to the post titled: Aktualno\u015bci\"><img loading=\"lazy\" decoding=\"async\" width=\"178\" height=\"178\" src=\"https:\/\/es.rops-opole.pl\/wp-content\/uploads\/2026\/04\/Plakaty-4-178x178.png\" class=\"pt-cv-thumbnail pull-left\" alt=\"\" srcset=\"https:\/\/es.rops-opole.pl\/wp-content\/uploads\/2026\/04\/Plakaty-4-178x178.png 178w, https:\/\/es.rops-opole.pl\/wp-content\/uploads\/2026\/04\/Plakaty-4-150x150.png 150w, https:\/\/es.rops-opole.pl\/wp-content\/uploads\/2026\/04\/Plakaty-4-1536x1536.png 1536w, https:\/\/es.rops-opole.pl\/wp-content\/uploads\/2026\/04\/Plakaty-4-592x592.png 592w, https:\/\/es.rops-opole.pl\/wp-content\/uploads\/2026\/04\/Plakaty-4.png 2000w\" sizes=\"auto, (max-width: 178px) 100vw, 178px\"><span class=\"tooltip\">Image to the post titled: Aktualno\u015bci<\/span><\/a>\n<h4 class=\"pt-cv-title\"><a href=\"https:\/\/es.rops-opole.pl\/?p=1961\" class=\"_self\" target=\"_self\">Inicjatywy Og\u00f3lnopolskich Spotka\u0144 Ekonomii Spo\u0142ecznej \u2013 warto \u015bledzi\u0107<\/a><\/h4>\n<div class=\"pt-cv-content\">Zach\u0119camy do \u015bledzenia inicjatyw realizowanych w ramach Og\u00f3lnopolskich Spotka\u0144 Ekonomii Spo\u0142ecznej (OSES). To wydarzenia, konferencje i dzia\u0142ania promuj\u0105ce rozw\u00f3j ekonomii ...<br><div class=\"pt-cv-rmwrap\"><a href=\"https:\/\/es.rops-opole.pl\/?p=1961\" class=\"_self pt-cv-readmore btn btn-success\" target=\"_self\">Czytaj Dalej<\/a><\/div><\/div><\/div><\/div>\n<div class=\"col-md-12 col-sm-12 col-xs-12 pt-cv-content-item pt-cv-2-col\"><div class=\"pt-cv-ifield\"><a href=\"https:\/\/es.rops-opole.pl\/?p=1955\" class=\"_self pt-cv-href-thumbnail pt-cv-thumb-left attachment-link use-tooltip\" target=\"_self\" aria-label=\"Image to the post titled: Aktualno\u015bci\"><img loading=\"lazy\" decoding=\"async\" width=\"212\" height=\"178\" src=\"https:\/\/es.rops-opole.pl\/wp-content\/uploads\/2025\/05\/Akademia-Przedsiebiorczosci-i-Innowacji-Spolecznych2-212x178.png\" class=\"pt-cv-thumbnail pull-left\" alt=\"\" srcset=\"https:\/\/es.rops-opole.pl\/wp-content\/uploads\/2025\/05\/Akademia-Przedsiebiorczosci-i-Innowacji-Spolecznych2-212x178.png 212w, https:\/\/es.rops-opole.pl\/wp-content\/uploads\/2025\/05\/Akademia-Przedsiebiorczosci-i-Innowacji-Spolecznych2-706x592.png 706w, https:\/\/es.rops-opole.pl\/wp-content\/uploads\/2025\/05\/Akademia-Przedsiebiorczosci-i-Innowacji-Spolecznych2.png 940w\" sizes=\"auto, (max-width: 212px) 100vw, 212px\"><span class=\"tooltip\">Image to the post titled: Aktualno\u015bci<\/span><\/a>\n<h4 class=\"pt-cv-title\"><a href=\"https:\/\/es.rops-opole.pl\/?p=1955\" class=\"_self\" target=\"_self\">Akademia Przedsi\u0119biorczo\u015bci i Innowacji Spo\u0142ecznych<\/a><\/h4>\n<div class=\"pt-cv-content\">Serdecznie zapraszamy do udzia\u0142u w \u201eAkademii Przedsi\u0119biorczo\u015bci i Innowacji Spo\u0142ecznych (APIS)\u201d. To szansa na poznanie innowacji w us\u0142ugach spo\u0142ecznych i ...<br><div class=\"pt-cv-rmwrap\"><a href=\"https:\/\/es.rops-opole.pl\/?p=1955\" class=\"_self pt-cv-readmore btn btn-success\" target=\"_self\">Czytaj Dalej<\/a><\/div><\/div><\/div><\/div>\n<div class=\"col-md-12 col-sm-12 col-xs-12 pt-cv-content-item pt-cv-2-col\"><div class=\"pt-cv-ifield\"><a href=\"https:\/\/es.rops-opole.pl\/?p=1939\" class=\"_self pt-cv-href-thumbnail pt-cv-thumb-left attachment-link use-tooltip\" target=\"_self\" aria-label=\"Image to the post titled: Aktualno\u015bci\"><img loading=\"lazy\" decoding=\"async\" width=\"178\" height=\"178\" src=\"https:\/\/es.rops-opole.pl\/wp-content\/uploads\/2026\/03\/Plakaty-3-178x178.png\" class=\"pt-cv-thumbnail pull-left\" alt=\"\" srcset=\"https:\/\/es.rops-opole.pl\/wp-content\/uploads\/2026\/03\/Plakaty-3-178x178.png 178w, https:\/\/es.rops-opole.pl\/wp-content\/uploads\/2026\/03\/Plakaty-3-150x150.png 150w, https:\/\/es.rops-opole.pl\/wp-content\/uploads\/2026\/03\/Plakaty-3-1536x1536.png 1536w, https:\/\/es.rops-opole.pl\/wp-content\/uploads\/2026\/03\/Plakaty-3-592x592.png 592w, https:\/\/es.rops-opole.pl\/wp-content\/uploads\/2026\/03\/Plakaty-3.png 2000w\" sizes=\"auto, (max-width: 178px) 100vw, 178px\"><span class=\"tooltip\">Image to the post titled: Aktualno\u015bci<\/span><\/a>\n<h4 class=\"pt-cv-title\"><a href=\"https:\/\/es.rops-opole.pl\/?p=1939\" class=\"_self\" target=\"_self\">Akademia Przedsi\u0119biorczo\u015bci Spo\u0142ecznej \u2013 zaproszenie do udzia\u0142u w projekcie<\/a><\/h4>\n<div class=\"pt-cv-content\">Regionalny O\u015brodek Polityki Spo\u0142ecznej w Opolu zaprasza szko\u0142y ponadpodstawowe oraz uczelnie wy\u017csze do udzia\u0142u w kolejnej edycji Akademii Przedsi\u0119biorczo\u015bci Spo\u0142ecznej ...<br><div class=\"pt-cv-rmwrap\"><a href=\"https:\/\/es.rops-opole.pl\/?p=1939\" class=\"_self pt-cv-readmore btn btn-success\" target=\"_self\">Czytaj Dalej<\/a><\/div><\/div><\/div><\/div>\n<div class=\"col-md-12 col-sm-12 col-xs-12 pt-cv-content-item pt-cv-2-col\"><div class=\"pt-cv-ifield\"><a href=\"https:\/\/es.rops-opole.pl\/?p=1933\" class=\"_self pt-cv-href-thumbnail pt-cv-thumb-left attachment-link use-tooltip\" target=\"_self\" aria-label=\"Image to the post titled: Aktualno\u015bci\"><img loading=\"lazy\" decoding=\"async\" width=\"178\" height=\"178\" src=\"https:\/\/es.rops-opole.pl\/wp-content\/uploads\/2026\/03\/Wizyta-5-178x178.png\" class=\"pt-cv-thumbnail pull-left\" alt=\"\" srcset=\"https:\/\/es.rops-opole.pl\/wp-content\/uploads\/2026\/03\/Wizyta-5-178x178.png 178w, https:\/\/es.rops-opole.pl\/wp-content\/uploads\/2026\/03\/Wizyta-5-150x150.png 150w, https:\/\/es.rops-opole.pl\/wp-content\/uploads\/2026\/03\/Wizyta-5-1536x1536.png 1536w, https:\/\/es.rops-opole.pl\/wp-content\/uploads\/2026\/03\/Wizyta-5-592x592.png 592w, https:\/\/es.rops-opole.pl\/wp-content\/uploads\/2026\/03\/Wizyta-5.png 2000w\" sizes=\"auto, (max-width: 178px) 100vw, 178px\"><span class=\"tooltip\">Image to the post titled: Aktualno\u015bci<\/span><\/a>\n<h4 class=\"pt-cv-title\"><a href=\"https:\/\/es.rops-opole.pl\/?p=1933\" class=\"_self\" target=\"_self\">Rekrutacja na szkolenia<\/a><\/h4>\n<div class=\"pt-cv-content\">Regionalny O\u015brodek Polityki Spo\u0142ecznej w Opolu zaprasza do\u00a0uczestnictwa\u00a0\u00a0w\u00a0cyklu 4 szkole\u0144 po\u0142\u0105czonych z warsztatami dla 25 osobowej grupy w zakresie tworzenia ...<br><div class=\"pt-cv-rmwrap\"><a href=\"https:\/\/es.rops-opole.pl\/?p=1933\" class=\"_self pt-cv-readmore btn btn-success\" target=\"_self\">Czytaj Dalej<\/a><\/div><\/div><\/div><\/div>\n<div class=\"col-md-12 col-sm-12 col-xs-12 pt-cv-content-item pt-cv-2-col\"><div class=\"pt-cv-ifield\"><a href=\"https:\/\/es.rops-opole.pl\/?p=1925\" class=\"_self pt-cv-href-thumbnail pt-cv-thumb-left attachment-link use-tooltip\" target=\"_self\" aria-label=\"Image to the post titled: Aktualno\u015bci\"><img loading=\"lazy\" decoding=\"async\" width=\"178\" height=\"178\" src=\"https:\/\/es.rops-opole.pl\/wp-content\/uploads\/2026\/03\/Wizyta-3-178x178.png\" class=\"pt-cv-thumbnail pull-left\" alt=\"\" srcset=\"https:\/\/es.rops-opole.pl\/wp-content\/uploads\/2026\/03\/Wizyta-3-178x178.png 178w, https:\/\/es.rops-opole.pl\/wp-content\/uploads\/2026\/03\/Wizyta-3-150x150.png 150w, https:\/\/es.rops-opole.pl\/wp-content\/uploads\/2026\/03\/Wizyta-3-1536x1536.png 1536w, https:\/\/es.rops-opole.pl\/wp-content\/uploads\/2026\/03\/Wizyta-3-592x592.png 592w, https:\/\/es.rops-opole.pl\/wp-content\/uploads\/2026\/03\/Wizyta-3.png 2000w\" sizes=\"auto, (max-width: 178px) 100vw, 178px\"><span class=\"tooltip\">Image to the post titled: Aktualno\u015bci<\/span><\/a>\n<h4 class=\"pt-cv-title\"><a href=\"https:\/\/es.rops-opole.pl\/?p=1925\" class=\"_self\" target=\"_self\">Rekrutacja na szkolenia pn. \u201eWspomaganie wi\u0119zi rodzinnych w pracy z rodzin\u0105\u201d.<\/a><\/h4>\n<div class=\"pt-cv-content\">Regionalny O\u015brodek Polityki Spo\u0142ecznej w Opolu zaprasza przedstawicieli Jednostek Samorz\u0105du Terytorialnego z terenu wojew\u00f3dztwa opolskiego do udzia\u0142u w dwudniowych szkoleniach ...<br><div class=\"pt-cv-rmwrap\"><a href=\"https:\/\/es.rops-opole.pl\/?p=1925\" class=\"_self pt-cv-readmore btn btn-success\" target=\"_self\">Czytaj Dalej<\/a><\/div><\/div><\/div><\/div>\n<div class=\"col-md-12 col-sm-12 col-xs-12 pt-cv-content-item pt-cv-2-col\"><div class=\"pt-cv-ifield\"><a href=\"https:\/\/es.rops-opole.pl\/?p=1909\" class=\"_self pt-cv-href-thumbnail pt-cv-thumb-left attachment-link use-tooltip\" target=\"_self\" aria-label=\"Image to the post titled: Aktualno\u015bci\"><img loading=\"lazy\" decoding=\"async\" width=\"268\" height=\"165\" src=\"https:\/\/es.rops-opole.pl\/wp-content\/uploads\/2026\/02\/glowne-268x165.png\" class=\"pt-cv-thumbnail pull-left\" alt=\"\" srcset=\"https:\/\/es.rops-opole.pl\/wp-content\/uploads\/2026\/02\/glowne-268x165.png 268w, https:\/\/es.rops-opole.pl\/wp-content\/uploads\/2026\/02\/glowne-1536x947.png 1536w, https:\/\/es.rops-opole.pl\/wp-content\/uploads\/2026\/02\/glowne-890x549.png 890w, https:\/\/es.rops-opole.pl\/wp-content\/uploads\/2026\/02\/glowne.png 2000w\" sizes=\"auto, (max-width: 268px) 100vw, 268px\"><span class=\"tooltip\">Image to the post titled: Aktualno\u015bci<\/span><\/a>\n<h4 class=\"pt-cv-title\"><a href=\"https:\/\/es.rops-opole.pl\/?p=1909\" class=\"_self\" target=\"_self\">Zako\u0144czenie szkole\u0144 z zakresu rewitalizacji i stosowania klauzul spo\u0142ecznych<\/a><\/h4>\n<div class=\"pt-cv-content\">Wczoraj zako\u0144czyli\u015bmy cykl 5 szkole\u0144 z zakresu rewitalizacji i stosowania klauzul spo\u0142ecznych, kt\u00f3re realizowane by\u0142y w styczniu i lutym dla ...<br><div class=\"pt-cv-rmwrap\"><a href=\"https:\/\/es.rops-opole.pl\/?p=1909\" class=\"_self pt-cv-readmore btn btn-success\" target=\"_self\">Czytaj Dalej<\/a><\/div><\/div><\/div><\/div>\n<div class=\"col-md-12 col-sm-12 col-xs-12 pt-cv-content-item pt-cv-2-col\"><div class=\"pt-cv-ifield\"><a href=\"https:\/\/es.rops-opole.pl\/?p=1883\" class=\"_self pt-cv-href-thumbnail pt-cv-thumb-left attachment-link use-tooltip\" target=\"_self\" aria-label=\"Image to the post titled: Aktualno\u015bci\"><img loading=\"lazy\" decoding=\"async\" width=\"212\" height=\"178\" src=\"https:\/\/es.rops-opole.pl\/wp-content\/uploads\/2026\/02\/Brown-Online-Course-Facebook-Post-212x178.png\" class=\"pt-cv-thumbnail pull-left\" alt=\"\" srcset=\"https:\/\/es.rops-opole.pl\/wp-content\/uploads\/2026\/02\/Brown-Online-Course-Facebook-Post-212x178.png 212w, https:\/\/es.rops-opole.pl\/wp-content\/uploads\/2026\/02\/Brown-Online-Course-Facebook-Post-706x592.png 706w, https:\/\/es.rops-opole.pl\/wp-content\/uploads\/2026\/02\/Brown-Online-Course-Facebook-Post.png 940w\" sizes=\"auto, (max-width: 212px) 100vw, 212px\"><span class=\"tooltip\">Image to the post titled: Aktualno\u015bci<\/span><\/a>\n<h4 class=\"pt-cv-title\"><a href=\"https:\/\/es.rops-opole.pl\/?p=1883\" class=\"_self\" target=\"_self\">Szkolenia\u00a0specjalizacyjne z zakresu organizacji pomocy spo\u0142ecznej.<\/a><\/h4>\n<div class=\"pt-cv-content\">Informujemy, \u017ce Regionalny O\u015brodek Polityki Spo\u0142ecznej w Opolu, rozpoczyna rekrutacj\u0119 na Szkolenia specjalizacyjne z zakresu organizacji pomocy spo\u0142ecznej. Szkolenie skierowane ...<br><div class=\"pt-cv-rmwrap\"><a href=\"https:\/\/es.rops-opole.pl\/?p=1883\" class=\"_self pt-cv-readmore btn btn-success\" target=\"_self\">Czytaj Dalej<\/a><\/div><\/div><\/div><\/div>\n<div class=\"col-md-12 col-sm-12 col-xs-12 pt-cv-content-item pt-cv-2-col\"><div class=\"pt-cv-ifield\"><a href=\"https:\/\/es.rops-opole.pl\/?p=1873\" class=\"_self pt-cv-href-thumbnail pt-cv-thumb-left attachment-link use-tooltip\" target=\"_self\" aria-label=\"Image to the post titled: Aktualno\u015bci\"><img loading=\"lazy\" decoding=\"async\" width=\"178\" height=\"178\" src=\"https:\/\/es.rops-opole.pl\/wp-content\/uploads\/2024\/11\/White-Blue-Modern-Monthly-Meeting-Instagram-Post-DI-178x178.png\" class=\"pt-cv-thumbnail pull-left\" alt=\"\" srcset=\"https:\/\/es.rops-opole.pl\/wp-content\/uploads\/2024\/11\/White-Blue-Modern-Monthly-Meeting-Instagram-Post-DI-178x178.png 178w, https:\/\/es.rops-opole.pl\/wp-content\/uploads\/2024\/11\/White-Blue-Modern-Monthly-Meeting-Instagram-Post-DI-150x150.png 150w, https:\/\/es.rops-opole.pl\/wp-content\/uploads\/2024\/11\/White-Blue-Modern-Monthly-Meeting-Instagram-Post-DI-592x592.png 592w, https:\/\/es.rops-opole.pl\/wp-content\/uploads\/2024\/11\/White-Blue-Modern-Monthly-Meeting-Instagram-Post-DI.png 1080w\" sizes=\"auto, (max-width: 178px) 100vw, 178px\"><span class=\"tooltip\">Image to the post titled: Aktualno\u015bci<\/span><\/a>\n<h4 class=\"pt-cv-title\"><a href=\"https:\/\/es.rops-opole.pl\/?p=1873\" class=\"_self\" target=\"_self\">Wsparcie w tworzeniu Lokalnych Plan\u00f3w Deinstytucjonalizacji- skierowane do gmin i powiat\u00f3w z terenu wojew\u00f3dztwa opolskiego<\/a><\/h4>\n<div class=\"pt-cv-content\">Szanowni Pa\u0144stwoZgodnie z zapisami Strategii Rozwoju Us\u0142ug Spo\u0142ecznych w polityce publicznej do roku 2030 (z perspektyw\u0105 do 2035 r.) jednym ...<br><div class=\"pt-cv-rmwrap\"><a href=\"https:\/\/es.rops-opole.pl\/?p=1873\" class=\"_self pt-cv-readmore btn btn-success\" target=\"_self\">Czytaj Dalej<\/a><\/div><\/div><\/div><\/div>\n<div class=\"col-md-12 col-sm-12 col-xs-12 pt-cv-content-item pt-cv-2-col\"><div class=\"pt-cv-ifield\"><a href=\"https:\/\/es.rops-opole.pl\/?p=1860\" class=\"_self pt-cv-href-thumbnail pt-cv-thumb-left attachment-link use-tooltip\" target=\"_self\" aria-label=\"Image to the post titled: Aktualno\u015bci\"><img loading=\"lazy\" decoding=\"async\" width=\"237\" height=\"178\" src=\"https:\/\/es.rops-opole.pl\/wp-content\/uploads\/2026\/01\/FunduszeUE-Projekt-%E2%80%9EOpolskie-Spojne-i-Aktywne-Spolecznie-237x178.png\" class=\"pt-cv-thumbnail pull-left\" alt=\"\" srcset=\"https:\/\/es.rops-opole.pl\/wp-content\/uploads\/2026\/01\/FunduszeUE-Projekt-\u201eOpolskie-Spojne-i-Aktywne-Spolecznie-237x178.png 237w, https:\/\/es.rops-opole.pl\/wp-content\/uploads\/2026\/01\/FunduszeUE-Projekt-\u201eOpolskie-Spojne-i-Aktywne-Spolecznie-1536x1152.png 1536w, https:\/\/es.rops-opole.pl\/wp-content\/uploads\/2026\/01\/FunduszeUE-Projekt-\u201eOpolskie-Spojne-i-Aktywne-Spolecznie-789x592.png 789w, https:\/\/es.rops-opole.pl\/wp-content\/uploads\/2026\/01\/FunduszeUE-Projekt-\u201eOpolskie-Spojne-i-Aktywne-Spolecznie.png 1600w\" sizes=\"auto, (max-width: 237px) 100vw, 237px\"><span class=\"tooltip\">Image to the post titled: Aktualno\u015bci<\/span><\/a>\n<h4 class=\"pt-cv-title\"><a href=\"https:\/\/es.rops-opole.pl\/?p=1860\" class=\"_self\" target=\"_self\">Szkolenia z zakresu rewitalizacji i klauzul spo\u0142ecznych<\/a><\/h4>\n<div class=\"pt-cv-content\">Dzi\u015b w Hotelu Opole Centrum, rozpocz\u0119li\u015bmy cykl 5 szkole\u0144 z zakresu rewitalizacji i stosowania klauzul spo\u0142ecznych. Uczestnikami szkolenia s\u0105 osoby ...<br><div class=\"pt-cv-rmwrap\"><a href=\"https:\/\/es.rops-opole.pl\/?p=1860\" class=\"_self pt-cv-readmore btn btn-success\" target=\"_self\">Czytaj Dalej<\/a><\/div><\/div><\/div><\/div>\n<div class=\"col-md-12 col-sm-12 col-xs-12 pt-cv-content-item pt-cv-2-col\"><div class=\"pt-cv-ifield\"><a href=\"https:\/\/es.rops-opole.pl\/?p=1820\" class=\"_self pt-cv-href-thumbnail pt-cv-thumb-left attachment-link use-tooltip\" target=\"_self\" aria-label=\"Image to the post titled: Aktualno\u015bci\"><img loading=\"lazy\" decoding=\"async\" width=\"178\" height=\"178\" src=\"https:\/\/es.rops-opole.pl\/wp-content\/uploads\/2025\/10\/Blue-and-White-Business-Training-Instagram-Post-1-178x178.png\" class=\"pt-cv-thumbnail pull-left\" alt=\"\" srcset=\"https:\/\/es.rops-opole.pl\/wp-content\/uploads\/2025\/10\/Blue-and-White-Business-Training-Instagram-Post-1-178x178.png 178w, https:\/\/es.rops-opole.pl\/wp-content\/uploads\/2025\/10\/Blue-and-White-Business-Training-Instagram-Post-1-150x150.png 150w, https:\/\/es.rops-opole.pl\/wp-content\/uploads\/2025\/10\/Blue-and-White-Business-Training-Instagram-Post-1-592x592.png 592w, https:\/\/es.rops-opole.pl\/wp-content\/uploads\/2025\/10\/Blue-and-White-Business-Training-Instagram-Post-1.png 1080w\" sizes=\"auto, (max-width: 178px) 100vw, 178px\"><span class=\"tooltip\">Image to the post titled: Aktualno\u015bci<\/span><\/a>\n<h4 class=\"pt-cv-title\"><a href=\"https:\/\/es.rops-opole.pl\/?p=1820\" class=\"_self\" target=\"_self\">Szkolenia z zakresu rewitalizacji oraz stosowania klauzul<\/a><\/h4>\n<div class=\"pt-cv-content\">Serdecznie zapraszamy do udzia\u0142u w cyklu 5 szkole\u0144 po\u0142\u0105czonych z warsztatami dla 20 osobowej grupy. W szkoleniach mog\u0105 wzi\u0105\u0107 udzia\u0142 ...<br><div class=\"pt-cv-rmwrap\"><a href=\"https:\/\/es.rops-opole.pl\/?p=1820\" class=\"_self pt-cv-readmore btn btn-success\" target=\"_self\">Czytaj Dalej<\/a><\/div><\/div><\/div><\/div><\/div><\/div>\n<div class=\" pt-cv-pagination-wrapper\"><ul class=\"pt-cv-pagination pt-cv-ajax pagination\" data-totalpages=\"6\" data-currentpage=\"1\" data-sid=\"347af18ubn\" data-unid=\"\" data-isblock=\"\" data-postid=\"\"><li class=\"active\"><a href=\"#\">1<\/a><\/li>\n\t<li><a class=\"\" href=\"https:\/\/es.rops-opole.pl\/index.php\/?_page=2&rest_route=%2Fwp%2Fv2%2Fpages%2F144\">2<\/a><\/li>\n\t<li><a class=\"\" href=\"https:\/\/es.rops-opole.pl\/index.php\/?_page=3&rest_route=%2Fwp%2Fv2%2Fpages%2F144\">3<\/a><\/li>\n\t<li><a href=\"#\">\u2026<\/a><\/li>\n\t<li><a class=\"\" href=\"https:\/\/es.rops-opole.pl\/index.php\/?_page=6&rest_route=%2Fwp%2Fv2%2Fpages%2F144\">6<\/a><\/li>\n\t<li><a class=\" \" href=\"https:\/\/es.rops-opole.pl\/index.php\/?_page=2&rest_route=%2Fwp%2Fv2%2Fpages%2F144\">\u203a<\/a><\/li>\n\t<\/ul><img loading=\"lazy\" decoding=\"async\" width=\"15\" height=\"15\" class=\"pt-cv-spinner\" alt=\"Loading...\" src=\"data:image\/gif;base64,R0lGODlhDwAPALMPAMrKygwMDJOTkz09PZWVla+vr3p6euTk5M7OzuXl5TMzMwAAAJmZmWZmZszMzP\/\/\/yH\/C05FVFNDQVBFMi4wAwEAAAAh+QQFCgAPACwAAAAADwAPAAAEQvDJaZaZOIcV8iQK8VRX4iTYoAwZ4iCYoAjZ4RxejhVNoT+mRGP4cyF4Pp0N98sBGIBMEMOotl6YZ3S61Bmbkm4mAgAh+QQFCgAPACwAAAAADQANAAAENPDJSRSZeA418itN8QiK8BiLITVsFiyBBIoYqnoewAD4xPw9iY4XLGYSjkQR4UAUD45DLwIAIfkEBQoADwAsAAAAAA8ACQAABC\/wyVlamTi3nSdgwFNdhEJgTJoNyoB9ISYoQmdjiZPcj7EYCAeCF1gEDo4Dz2eIAAAh+QQFCgAPACwCAAAADQANAAAEM\/DJBxiYeLKdX3IJZT1FU0iIg2RNKx3OkZVnZ98ToRD4MyiDnkAh6BkNC0MvsAj0kMpHBAAh+QQFCgAPACwGAAAACQAPAAAEMDC59KpFDll73HkAA2wVY5KgiK5b0RRoI6MuzG6EQqCDMlSGheEhUAgqgUUAFRySIgAh+QQFCgAPACwCAAIADQANAAAEM\/DJKZNLND\/kkKaHc3xk+QAMYDKsiaqmZCxGVjSFFCxB1vwy2oOgIDxuucxAMTAJFAJNBAAh+QQFCgAPACwAAAYADwAJAAAEMNAs86q1yaWwwv2Ig0jUZx3OYa4XoRAfwADXoAwfo1+CIjyFRuEho60aSNYlOPxEAAAh+QQFCgAPACwAAAIADQANAAAENPA9s4y8+IUVcqaWJ4qEQozSoAzoIyhCK2NFU2SJk0hNnyEOhKR2AzAAj4Pj4GE4W0bkJQIAOw==\"><div class=\"clear pt-cv-clear-pagination\"><\/div><\/div><\/div>\n\n","protected":false},"excerpt":{"rendered":null,"protected":false},"author":1,"featured_media":0,"parent":0,"menu_order":0,"comment_status":"closed","ping_status":"closed","template":"","meta":{"footnotes":""},"categories":[],"tags":[],"class_list":["post-144","page","type-page","status-publish","hentry"],"_links":{"self":[{"href":"https:\/\/es.rops-opole.pl\/index.php?rest_route=\/wp\/v2\/pages\/144","targetHints":{"allow":["GET"]}}],"collection":[{"href":"https:\/\/es.rops-opole.pl\/index.php?rest_route=\/wp\/v2\/pages"}],"about":[{"href":"https:\/\/es.rops-opole.pl\/index.php?rest_route=\/wp\/v2\/types\/page"}],"author":[{"embeddable":true,"href":"https:\/\/es.rops-opole.pl\/index.php?rest_route=\/wp\/v2\/users\/1"}],"replies":[{"embeddable":true,"href":"https:\/\/es.rops-opole.pl\/index.php?rest_route=%2Fwp%2Fv2%2Fcomments&post=144"}],"version-history":[{"count":3,"href":"https:\/\/es.rops-opole.pl\/index.php?rest_route=\/wp\/v2\/pages\/144\/revisions"}],"predecessor-version":[{"id":1420,"href":"https:\/\/es.rops-opole.pl\/index.php?rest_route=\/wp\/v2\/pages\/144\/revisions\/1420"}],"wp:attachment":[{"href":"https:\/\/es.rops-opole.pl\/index.php?rest_route=%2Fwp%2Fv2%2Fmedia&parent=144"}],"wp:term":[{"taxonomy":"category","embeddable":true,"href":"https:\/\/es.rops-opole.pl\/index.php?rest_route=%2Fwp%2Fv2%2Fcategories&post=144"},{"taxonomy":"post_tag","embeddable":true,"href":"https:\/\/es.rops-opole.pl\/index.php?rest_route=%2Fwp%2Fv2%2Ftags&post=144"}],"curies":[{"name":"wp","href":"https:\/\/api.w.org\/{rel}","templated":true}]}}