{"id":352,"date":"2024-03-25T10:24:37","date_gmt":"2024-03-25T09:24:37","guid":{"rendered":"http:\/\/es.rops-opole.pl\/?page_id=352"},"modified":"2024-04-26T13:28:40","modified_gmt":"2024-04-26T11:28:40","slug":"klauzula-informacyjna-o-przetwarzaniu-danych-osobowych-w-rops-w-opolu","status":"publish","type":"page","link":"https:\/\/es.rops-opole.pl\/?page_id=352","title":{"rendered":"Klauzula informacyjna o przetwarzaniu danych osobowych w ROPS w Opolu"},"content":{"rendered":"\n<p>Zgodnie z art. 13 Og\u00f3lnego Rozporz\u0105dzenia o Ochronie Danych Osobowych z dnia 27 kwietnia 2016 r. (Dz. Urz. UE L 119 z 04.05.2016) informujemy, \u017ce:<\/p>\n\n\n\n<ol class=\"wp-block-list\">\n<li>Administratorem Pa\u0144stwa danych osobowych jest Regionalny O\u015brodek Polityki Spo\u0142ecznej w Opolu z siedzib\u0105 w Opolu przy ul. G\u0142ogowskiej 25C, zwanym dalej \u201eO\u015brodkiem\u201d.<\/li>\n\n\n\n<li>W O\u015brodku wyznaczono Inspektora Ochrony Danych, z kt\u00f3rym mo\u017cna si\u0119 skontaktowa\u0107 pod nast\u0119puj\u0105cym adresem poczty elektronicznej iod(at)rops-opole.pl i\/lub nr tel. 77 455 12 26<\/li>\n\n\n\n<li>Pa\u0144stwa dane osobowe przetwarzane s\u0105 w zakresie niezb\u0119dnym do realizacji ustawowych zada\u0144 O\u015brodka na podstawie:\n<ul class=\"wp-block-list\">\n<li>Art. 6 ust. 1 lit. C Rozporz\u0105dzenia Parlamentu Europejskiego i Rady (UE) 2016\/679 z dnia 27 kwietnia 2016 r.,<\/li>\n\n\n\n<li>Art. 9 ust. 2 lit. B Rozporz\u0105dzenia Parlamentu Europejskiego i Rady (UE) 2016\/679 z dnia 27 kwietnia 2016 r.,<\/li>\n\n\n\n<li>Ustawy z dnia 10 maja 2018 roku o ochronie danych osobowych (Dz. U. z 2018 r. poz. 1000),<\/li>\n\n\n\n<li>Uchwa\u0142y nr XIII\/74\/99 Sejmiku Wojew\u00f3dztwa Opolskiego z dnia 26 pa\u017adziernika 1999 r. w sprawie utworzenia Regionalnego O\u015brodka Polityki Spo\u0142ecznej,<\/li>\n\n\n\n<li>Ustawy z dnia 5 czerwca 1998 r. o samorz\u0105dzie wojew\u00f3dztwa (Dz.U. z 2017 r., poz. 2096),<\/li>\n\n\n\n<li>Ustawy z dnia 12 marca 2004 r. o pomocy spo\u0142ecznej (Dz. U. z 2017 r., poz. 1769 z p\u00f3\u017an. zm.),<\/li>\n\n\n\n<li>Ustawy z dnia 27 sierpnia 2009 r. o finansach publicznych (Dz. U. z 2017 r., poz. 2077),<\/li>\n\n\n\n<li>Ustawy z dnia 9 czerwca 2011 r. o wspieraniu rodziny i systemie pieczy zast\u0119pczej (Dz. U. z 2017 r., poz. 697 z p\u00f3\u017an. zm.),<\/li>\n\n\n\n<li>Ustawy z dnia 27 sierpnia 1997 r. o rehabilitacji zawodowej i spo\u0142ecznej oraz zatrudnianiu os\u00f3b niepe\u0142nosprawnych (Dz. U. z 2016 r., poz. 2046 z p\u00f3\u017an. zm.),<\/li>\n\n\n\n<li>Ustawy z dnia 29 lipca 2005 r. o przeciwdzia\u0142aniu przemocy w rodzinie (Dz. U. z 2015 r., poz. 1390).<\/li>\n\n\n\n<li>Ustawy z dnia 25 lutego 1964 r. Kodeks rodzinny i opieku\u0144czy (Dz. U. 2017 r., poz. 682 t.j. z dnia 30.03.2017 r.)<\/li>\n<\/ul>\n<\/li>\n\n\n\n<li>Pa\u0144stwa dane osobowe s\u0105 lub mog\u0105 by\u0107 przekazywane:\n<ul class=\"wp-block-list\">\n<li>podmiotom publicznym uprawnionym do uzyskania danych osobowych na podstawie obowi\u0105zuj\u0105cych przepis\u00f3w prawa,<\/li>\n\n\n\n<li>Poczcie Polskiej.<\/li>\n<\/ul>\n<\/li>\n\n\n\n<li>Nie przekazujemy Pa\u0144stwa danych poza terytorium Rzeczypospolitej Polskiej\/UE\/Europejskiego Obszaru Gospodarczego.<\/li>\n\n\n\n<li>Okres przechowywania Pa\u0144stwa danych osobowych okre\u015bla Rzeczowy wykaz akt O\u015brodka.<\/li>\n\n\n\n<li>Podanie przez Pa\u0144stwa danych osobowych jest dobrowolne, aczkolwiek odmowa ich podania jest r\u00f3wnoznaczna z rezygnacj\u0105 ze wsp\u00f3\u0142pracy z Regionalnym O\u015brodkiem Polityki Spo\u0142ecznej w Opolu.<\/li>\n\n\n\n<li>Posiadaj\u0105 Pa\u0144stwo prawo dost\u0119pu do swoich danych osobowych oraz prawo do ich poprawiania.<\/li>\n\n\n\n<li>Maj\u0105 Pa\u0144stwo prawo wniesienia skargi do organu nadzorczego, tj. Prezesa Urz\u0119du Ochrony Danych Osobowych (PUODO).<\/li>\n\n\n\n<li>Pa\u0144stwa dane osobowe przetwarzane przez O\u015brodek nie s\u0105 i nie b\u0119d\u0105 poddawane profilowaniu.<\/li>\n<\/ol>\n\n\n\n<p>Powy\u017csza informacja realizuje prawny obowi\u0105zek informacyjny i nie wymaga \u017cadnego dzia\u0142ania po Pa\u0144stwa stronie.<\/p>\n\n","protected":false},"excerpt":{"rendered":null,"protected":false},"author":1,"featured_media":0,"parent":0,"menu_order":0,"comment_status":"closed","ping_status":"closed","template":"","meta":{"footnotes":""},"categories":[],"tags":[],"class_list":["post-352","page","type-page","status-publish","hentry"],"_links":{"self":[{"href":"https:\/\/es.rops-opole.pl\/index.php?rest_route=\/wp\/v2\/pages\/352","targetHints":{"allow":["GET"]}}],"collection":[{"href":"https:\/\/es.rops-opole.pl\/index.php?rest_route=\/wp\/v2\/pages"}],"about":[{"href":"https:\/\/es.rops-opole.pl\/index.php?rest_route=\/wp\/v2\/types\/page"}],"author":[{"embeddable":true,"href":"https:\/\/es.rops-opole.pl\/index.php?rest_route=\/wp\/v2\/users\/1"}],"replies":[{"embeddable":true,"href":"https:\/\/es.rops-opole.pl\/index.php?rest_route=%2Fwp%2Fv2%2Fcomments&post=352"}],"version-history":[{"count":2,"href":"https:\/\/es.rops-opole.pl\/index.php?rest_route=\/wp\/v2\/pages\/352\/revisions"}],"predecessor-version":[{"id":428,"href":"https:\/\/es.rops-opole.pl\/index.php?rest_route=\/wp\/v2\/pages\/352\/revisions\/428"}],"wp:attachment":[{"href":"https:\/\/es.rops-opole.pl\/index.php?rest_route=%2Fwp%2Fv2%2Fmedia&parent=352"}],"wp:term":[{"taxonomy":"category","embeddable":true,"href":"https:\/\/es.rops-opole.pl\/index.php?rest_route=%2Fwp%2Fv2%2Fcategories&post=352"},{"taxonomy":"post_tag","embeddable":true,"href":"https:\/\/es.rops-opole.pl\/index.php?rest_route=%2Fwp%2Fv2%2Ftags&post=352"}],"curies":[{"name":"wp","href":"https:\/\/api.w.org\/{rel}","templated":true}]}}