{"id":42,"date":"2024-02-26T12:20:24","date_gmt":"2024-02-26T11:20:24","guid":{"rendered":"http:\/\/es.rops-opole.pl\/?page_id=42"},"modified":"2024-08-19T11:55:09","modified_gmt":"2024-08-19T09:55:09","slug":"osias","status":"publish","type":"page","link":"https:\/\/es.rops-opole.pl\/?page_id=42","title":{"rendered":"O projekcie"},"content":{"rendered":"\n<p>Projekt\u00a0<strong>\u201eOpolskie Sp\u00f3jne i Aktywne Spo\u0142ecznie\u201d\u00a0<\/strong>realizowany jest w ramach programu Fundusze Europejskie dla Rozwoju Spo\u0142ecznego 2021-2027 wsp\u00f3\u0142finansowanego ze \u015brodk\u00f3w Europejskiego Funduszu Spo\u0142ecznego Plus, dzia\u0142ania 04.13 Wysokiej jako\u015bci system w\u0142\u0105czenia spo\u0142ecznego, w ramach typu projekt\u00f3w pn. Dzia\u0142ania ROPS w zakresie us\u0142ug spo\u0142ecznych, pomocy spo\u0142ecznej, ES i aktywnej integracji, s\u0142u\u017c\u0105ce w\u0142\u0105czeniu spo\u0142ecznemu, realizowane na poziomie wojew\u00f3dzkim.<\/p>\n\n\n\n<hr class=\"wp-block-separator has-alpha-channel-opacity\">\n\n\n\n<p><strong>Czas trwania projektu<\/strong>: 01.10.2023 r. \u2013 31.12.2028 r.<\/p>\n\n\n\n<p><strong>Ca\u0142kowita kwota projektu<\/strong>: 10 032 520,40 z\u0142<\/p>\n\n\n\n<hr class=\"wp-block-separator has-alpha-channel-opacity\">\n\n\n\n<p>Celem g\u0142\u00f3wnym projektu jest usp\u00f3jnienie dzia\u0142a\u0144 w obszarze polityki w\u0142\u0105czenia spo\u0142ecznego realizowanej w wojew\u00f3dztwie opolskim, jak r\u00f3wnie\u017c wypracowanie mechanizm\u00f3w jej sprawniejszej koordynacji i lepszego przep\u0142ywu informacji pomi\u0119dzy r\u00f3\u017cnymi podmiotami wewn\u0105trz wojew\u00f3dztwa do 2028 roku.<\/p>\n\n\n\n<hr class=\"wp-block-separator has-alpha-channel-opacity\">\n\n\n\n<p><strong>W ramach projektu zaplanowano zadania:<\/strong><\/p>\n\n\n\n<p>Zadanie 1: Zadanie horyzontalne: badania, analizy i programowanie <\/p>\n\n\n\n<p>Zadanie 2: Szkolenia, doradztwo, sieciowanie i inne dzia\u0142ania na rzecz instytucji i pomocy spo\u0142ecznej podmiot\u00f3w \u015bwiadcz\u0105cych us\u0142ugi spo\u0142eczne, a tak\u017ce organizuj\u0105cych system wspierania rodzin, pieczy zast\u0119pczej i adopcji oraz jego otoczenia. <\/p>\n\n\n\n<p>Zadanie 3: Koordynacja dzia\u0142a\u0144 na rzecz ekonomii spo\u0142ecznej<\/p>\n\n\n\n<hr class=\"wp-block-separator has-alpha-channel-opacity\">\n\n\n\n<p><strong>Dzia\u0142ania projektu obejm\u0105 m.in:<\/strong><\/p>\n\n\n\n<ul class=\"wp-block-list\">\n<li>wsparcie pracownik\u00f3w instytucji zajmuj\u0105cych si\u0119 m.in: pomoc\u0105 spo\u0142., pomoc\u0105 i integracj\u0105 spo\u0142.,<br>wspieraniem rodziny, pieczy zast\u0119pczej, adopcji oraz ich wsp\u00f3\u0142pracy;<\/li>\n\n\n\n<li>monitorowanie sytuacji regionalnej w zakresie us\u0142ug spo\u0142., wspierania rodziny i pieczy zast\u0119pczej,<br>pomocy i integracji spo\u0142. oraz ES;<\/li>\n\n\n\n<li>wzmocnienie potencja\u0142u instytucjonalnego, organizacyjnego, kompetencyjnego IPiIS,<\/li>\n\n\n\n<li>wspieranie gmin w tworzeniu CUS i rozwoju dostarczanych przez nie us\u0142ug;<\/li>\n\n\n\n<li>wsparcie JST w zakresie rozwi\u0105za\u0144 w obszarze ES;<\/li>\n<\/ul>\n\n\n\n<hr class=\"wp-block-separator has-alpha-channel-opacity\">\n\n\n\n<p><strong>\u00a0Projekt b\u0119dzie mia\u0142 pozytywny wp\u0142yw na<\/strong>:<\/p>\n\n\n\n<ul class=\"wp-block-list\">\n<li>realizacj\u0119 programu regionalnego, szczeg\u00f3lnie poprzez zwi\u0119kszenie efektywno\u015bci wsparcia finansowanego ze \u015brodk\u00f3w EFS+ w okresie 2021-2027 na wszystkich etapach wdra\u017cania,<\/li>\n\n\n\n<li>przyczyni si\u0119 do bardziej skutecznego planowania dzia\u0142a\u0144 zwi\u0105zanych z w\u0142\u0105czeniem spo\u0142ecznym na po. regionalnym, korzystaj\u0105c z dost\u0119pnych narz\u0119dzi w ramach programu Fundusze Europejskie dla Rozwoju Spo\u0142ecznego (FERS),<\/li>\n\n\n\n<li>pozwoli na zapewnienie lepszej wsp\u00f3\u0142pracy instytucji zarz\u0105dzaj\u0105cych regionalnymi programami i ROPS, kt\u00f3re odpowiadaj\u0105 za polityk\u0119 spo\u0142eczn\u0105 w regionach.<\/li>\n<\/ul>\n\n\n\n<hr class=\"wp-block-separator has-alpha-channel-opacity\">\n\n\n\n<p><strong>W efekcie realizacji projektu:<\/strong><\/p>\n\n\n\n<ul class=\"wp-block-list\">\n<li>502 pracownik\u00f3w zatrudnionych w instytucjach i podmiotach dzia\u0142aj\u0105cych na rzecz w\u0142\u0105czenia spo\u0142ecznego zostanie obj\u0119tych wsparciem \u015bwiadczonym przez ROPS.<\/li>\n\n\n\n<li>477 pracownik\u00f3w zatrudnionych w instytucjach i podmiotach dzia\u0142aj\u0105cych na rzecz w\u0142\u0105czenia spo\u0142ecznego, dzi\u0119ki wsparciu EFS+ \u015bwiadczonemu przez ROPS podniesie kwalifikacje.<\/li>\n\n\n\n<li>41 JST zostanie obj\u0119tych doradztwem w zakresie przygotowania i realizacji Lokalnych Plan\u00f3w Deinstytucjonalizacji (LPDI)<\/li>\n\n\n\n<li>50% JST opracuje i b\u0119dzie realizowa\u0107 lokalne lub regionalne plany deinstytucjonalizacji us\u0142ug spo\u0142ecznych.<\/li>\n\n\n\n<li>50% JST zostanie obj\u0119tych wsparciem w zakresie wspomagania wi\u0119zi rodzinnych <\/li>\n\n\n\n<li>70% JST zostanie obj\u0119tych wsparciem w zakresie ekonomii spo\u0142ecznej i wsparcia PES<\/li>\n\n\n\n<li>70 % JST szczebla powiatowego zostanie obj\u0119tych wsparciem w zakresie pieczy zast\u0119pczej<\/li>\n<\/ul>\n\n\n\n<hr class=\"wp-block-separator has-alpha-channel-opacity\">\n\n\n\n<p><strong>Uczestnikami projekt\u00f3w koordynacyjnych i podmiotami obj\u0119tymi wsparciem s\u0105 m.in.:<\/strong><\/p>\n\n\n\n<ul class=\"wp-block-list\">\n<li>pracownicy socjalni, w tym zatrudnieni w plac\u00f3wkach ochrony zdrowia;<\/li>\n\n\n\n<li>pracownicy instytucji pomocy spo\u0142ecznej oraz podmiot\u00f3w dzia\u0142aj\u0105cych na rzecz w\u0142\u0105czenia spo\u0142ecznego, w tym zajmuj\u0105cy si\u0119 organizacj\u0105 us\u0142ug spo\u0142ecznych;<\/li>\n\n\n\n<li> pracownicy jednostek samorz\u0105du terytorialnego, w tym przedstawiciele w\u0142adz samorz\u0105dowych szczebla gminnego i powiatowego; <\/li>\n\n\n\n<li>kadra podmiot\u00f3w dzia\u0142aj\u0105cych w obszarze wspierania rodziny, systemu pieczy zast\u0119pczej oraz adopcji oraz ich otoczenie (otoczenie rozumiane jako podmioty i instytucje wsp\u00f3\u0142dzia\u0142aj\u0105ce w powy\u017cszym zakresie z ww. podmiotami, w\u015br\u00f3d kt\u00f3rych mo\u017cna wyr\u00f3\u017cni\u0107 s\u0119dzi\u00f3w, kurator\u00f3w s\u0105dowych, pedagog\u00f3w rodziny, pracownik\u00f3w ochrony zdrowia, pracownik\u00f3w socjalnych i innych);<\/li>\n\n\n\n<li>samorz\u0105dy terytorialne (w tym instytucje zarz\u0105dzaj\u0105ce regionalnymi programami) i ich jednostki organizacyjne, jako podmioty odpowiedzialne za organizacj\u0119 i dostarczanie us\u0142ug aktywizacyjnych i us\u0142ug spo\u0142ecznych na poziomie lokalnym oraz podmioty organizuj\u0105ce wspieranie rodziny, piecz\u0119 zast\u0119pcz\u0105 i adopcj\u0119 oraz otoczenie systemu wspierania rodziny, pieczy zast\u0119pczej i adopcji;<\/li>\n\n\n\n<li> o\u015brodki wsparcia ekonomii spo\u0142ecznej, jako podmioty realizuj\u0105ce us\u0142ugi wsparcia podmiot\u00f3w ekonomii spo\u0142ecznej;<\/li>\n\n\n\n<li> inne podmioty, realizuj\u0105ce dzia\u0142ania z zakresu polityki spo\u0142ecznej na poziomie lokalnym i regionalnym, w tym szczeg\u00f3lnie: PES i podmioty prywatne, kt\u00f3re realizuj\u0105 zadania w obszarze polityki spo\u0142ecznej na rzecz spo\u0142eczno\u015bci lokalnych;<\/li>\n\n\n\n<li>organizacje pozarz\u0105dowe;<\/li>\n\n\n\n<li>przedsi\u0119biorcy;<\/li>\n\n\n\n<li>podmioty sektora publicznego, prywatnego i spo\u0142ecznego realizuj\u0105ce szeroko rozumiane zadania w obszarze polityki spo\u0142ecznej, np.: s\u0142u\u017cby zatrudnienia, jednostki systemu edukacji, kultury, zdrowia, szko\u0142y wy\u017csze, jednostki wymiaru sprawiedliwo\u015bci itd.<\/li>\n<\/ul>\n\n\n\n<figure class=\"wp-block-image size-full\"><img loading=\"lazy\" decoding=\"async\" width=\"2117\" height=\"1497\" src=\"https:\/\/es.rops-opole.pl\/wp-content\/uploads\/2024\/08\/Plakat-FERS-pdf.jpg\" alt=\"\" class=\"wp-image-1108\"><\/figure>\n\n\n<div class=\"wp-block-image\">\n<figure class=\"aligncenter size-post-size\"><img loading=\"lazy\" decoding=\"async\" width=\"419\" height=\"592\" src=\"http:\/\/es.rops-opole.pl\/wp-content\/uploads\/2024\/02\/DOFINNSOWANO-ZE-SRODKOW-BUDRZETU-PANSTWA-419x592.png\" alt=\"\" class=\"wp-image-227\"><\/figure>\n<\/div>\n","protected":false},"excerpt":{"rendered":null,"protected":false},"author":2,"featured_media":0,"parent":112,"menu_order":0,"comment_status":"closed","ping_status":"closed","template":"","meta":{"footnotes":""},"categories":[],"tags":[],"class_list":["post-42","page","type-page","status-publish","hentry"],"_links":{"self":[{"href":"https:\/\/es.rops-opole.pl\/index.php?rest_route=\/wp\/v2\/pages\/42","targetHints":{"allow":["GET"]}}],"collection":[{"href":"https:\/\/es.rops-opole.pl\/index.php?rest_route=\/wp\/v2\/pages"}],"about":[{"href":"https:\/\/es.rops-opole.pl\/index.php?rest_route=\/wp\/v2\/types\/page"}],"author":[{"embeddable":true,"href":"https:\/\/es.rops-opole.pl\/index.php?rest_route=\/wp\/v2\/users\/2"}],"replies":[{"embeddable":true,"href":"https:\/\/es.rops-opole.pl\/index.php?rest_route=%2Fwp%2Fv2%2Fcomments&post=42"}],"version-history":[{"count":10,"href":"https:\/\/es.rops-opole.pl\/index.php?rest_route=\/wp\/v2\/pages\/42\/revisions"}],"predecessor-version":[{"id":1110,"href":"https:\/\/es.rops-opole.pl\/index.php?rest_route=\/wp\/v2\/pages\/42\/revisions\/1110"}],"up":[{"embeddable":true,"href":"https:\/\/es.rops-opole.pl\/index.php?rest_route=\/"}],"wp:attachment":[{"href":"https:\/\/es.rops-opole.pl\/index.php?rest_route=%2Fwp%2Fv2%2Fmedia&parent=42"}],"wp:term":[{"taxonomy":"category","embeddable":true,"href":"https:\/\/es.rops-opole.pl\/index.php?rest_route=%2Fwp%2Fv2%2Fcategories&post=42"},{"taxonomy":"post_tag","embeddable":true,"href":"https:\/\/es.rops-opole.pl\/index.php?rest_route=%2Fwp%2Fv2%2Ftags&post=42"}],"curies":[{"name":"wp","href":"https:\/\/api.w.org\/{rel}","templated":true}]}}